{"id":611,"date":"2013-05-15T14:55:16","date_gmt":"2013-05-15T12:55:16","guid":{"rendered":"http:\/\/feluam.noblogs.org\/?page_id=611"},"modified":"2013-05-15T14:55:16","modified_gmt":"2013-05-15T12:55:16","slug":"objetivos","status":"publish","type":"page","link":"https:\/\/feluam.noblogs.org\/?page_id=611","title":{"rendered":"Objetivos"},"content":{"rendered":"<div>\n<p align=\"JUSTIFY\">Constituir, dentro del \u00e1mbito educativo, una red de comunicaci\u00f3n, debate, intercambio de experiencias y trabajo en com\u00fan entre los antiautoritarios de distintas zonas geogr\u00e1ficas.<\/p>\n<p align=\"JUSTIFY\">Difundir las ideas antiautoritarias y en especial aquellas relacionadas con el aprendizaje. Entendemos de vital importancia discutir, aprender y trabajar sobre la educaci\u00f3n, sobre sus diferentes formas, tratando de aunar una cr\u00edtica al actual sistema educativo estatal con una lucha contra todas aquellas iniciativas que profundizan en la mercantilizaci\u00f3n y devaluaci\u00f3n de la ense\u00f1anza. Ante todo ello no s\u00f3lo queremos ir a la contra, tambi\u00e9n entendemos primordial poner sobre la mesa alternativas, tanto de lucha y organizaci\u00f3n, como metodolog\u00edas y espacios de aprendizaje acordes con nuestra forma de entender lo colectivo. De la misma manera creemos igualmente importante que estas otras formas de \u201cense\u00f1ar y aprender\u201d las pongamos en pr\u00e1ctica entre nosotros y en nuestro espacio de actuaci\u00f3n.<\/p>\n<p align=\"JUSTIFY\">Trabajar bidireccionalmente en sacar aquellos conflictos de nuestros centros educativos hacia fuera, a la vez que introducir en los mismos aquellas campa\u00f1as o temas que sean tratados en nuestros barrios, puestos de trabajo\u2026, de modo que se potencie la comunicaci\u00f3n y el apoyo dentro y fuera de nuestro \u00e1mbito de actuaci\u00f3n directa como FEL.<\/p>\n<p align=\"JUSTIFY\">La FEL no aspira a convertirse en una organizaci\u00f3n de masas, que todo lo asimile, sino que pelea y pelear\u00e1 por fomentar la autoorganizaci\u00f3n en nuestro \u00e1mbito de actuaci\u00f3n, el educativo. Es por ello que nos marcamos como objetivo fomentar todo tipo de organizaci\u00f3n de car\u00e1cter horizontal y aut\u00f3noma, ya sea asambleas de IES, de facultad, de campus\u2026 con la clara idea de hacer visible que s\u00f3lo luchando conseguiremos nuestros fines.<\/p>\n<p align=\"JUSTIFY\">Actuar cuando fuere necesario como grupo de apoyo mutuo para sus miembros, pudiendo participar de luchas en el terreno educativo, laboral, de vivienda\u2026<\/p>\n<p align=\"JUSTIFY\">La FEL se posiciona contra la experimentaci\u00f3n animal en las universidades, pues entendemos esta pr\u00e1ctica como injusta, innecesaria y nada \u00e9tica, solamente motivada adem\u00e1s por intereses econ\u00f3micos. Tambi\u00e9n nos proponemos difundir un trato m\u00e1s \u00e9tico con los animales partiendo de nuestra financiaci\u00f3n, la cual no podr\u00e1 realizarse con la venta de productos relacionados con la explotaci\u00f3n animal.<\/p>\n<p align=\"JUSTIFY\">El mantenimiento de la FEL en el tiempo (sin prejuicio de la natural evoluci\u00f3n que pueda ir sufriendo con raz\u00f3n de condiciones internas y externas), pues entendemos que esta estructura organizativa puede ser de gran utilidad para salvar los problemas generados por la realidad de que una importante parte de quienes estamos involucrados en el \u00e1mbito de la educaci\u00f3n lo estaremos por un tiempo acotado no muy largo (estudiantes) y por el tambi\u00e9n palpable hecho de los altibajos en los conflictos educativos coincidiendo con la en\u00e9sima modificaci\u00f3n de los planes de estudio y de gesti\u00f3n que acomete todo gobierno de cuando en cuando. De esta manera la FEL puede favorecer el contacto entre diferentes generaciones y ayudar a conservar experiencias de luchas pasadas que puedan ser de utilidad en futuros conflictos.<\/p>\n<p align=\"JUSTIFY\">Fomentar, desarrollar y difundir la cr\u00edtica antindustrial y antidesarrollista en el \u00e1mbito universitario.<\/p>\n<p align=\"JUSTIFY\">Se compromete a difundir m\u00e9todos de adquisici\u00f3n de conocimientos como la antipedagog\u00eda o la pedagog\u00eda libertaria.<\/p>\n<\/div>\n","protected":false},"excerpt":{"rendered":"<p>Constituir, dentro del \u00e1mbito educativo, una red de comunicaci\u00f3n, debate, intercambio de experiencias y trabajo en com\u00fan entre los antiautoritarios de distintas zonas geogr\u00e1ficas. Difundir las ideas antiautoritarias y en especial aquellas relacionadas con el aprendizaje. Entendemos de vital importancia &hellip; <a href=\"https:\/\/feluam.noblogs.org\/?page_id=611\">Sigue leyendo <span class=\"meta-nav\">&rarr;<\/span><\/a><\/p>\n","protected":false},"author":4671,"featured_media":0,"parent":0,"menu_order":0,"comment_status":"open","ping_status":"open","template":"","meta":{"footnotes":""},"class_list":["post-611","page","type-page","status-publish","hentry"],"_links":{"self":[{"href":"https:\/\/feluam.noblogs.org\/index.php?rest_route=\/wp\/v2\/pages\/611","targetHints":{"allow":["GET"]}}],"collection":[{"href":"https:\/\/feluam.noblogs.org\/index.php?rest_route=\/wp\/v2\/pages"}],"about":[{"href":"https:\/\/feluam.noblogs.org\/index.php?rest_route=\/wp\/v2\/types\/page"}],"author":[{"embeddable":true,"href":"https:\/\/feluam.noblogs.org\/index.php?rest_route=\/wp\/v2\/users\/4671"}],"replies":[{"embeddable":true,"href":"https:\/\/feluam.noblogs.org\/index.php?rest_route=%2Fwp%2Fv2%2Fcomments&post=611"}],"version-history":[{"count":1,"href":"https:\/\/feluam.noblogs.org\/index.php?rest_route=\/wp\/v2\/pages\/611\/revisions"}],"predecessor-version":[{"id":612,"href":"https:\/\/feluam.noblogs.org\/index.php?rest_route=\/wp\/v2\/pages\/611\/revisions\/612"}],"wp:attachment":[{"href":"https:\/\/feluam.noblogs.org\/index.php?rest_route=%2Fwp%2Fv2%2Fmedia&parent=611"}],"curies":[{"name":"wp","href":"https:\/\/api.w.org\/{rel}","templated":true}]}}